{"id":1001,"date":"2015-02-02T19:39:07","date_gmt":"2015-02-02T18:39:07","guid":{"rendered":"http:\/\/www.glavatni-crncic.com\/about-us\/"},"modified":"2017-07-17T22:13:26","modified_gmt":"2017-07-17T21:13:26","slug":"info","status":"publish","type":"page","link":"http:\/\/www.glavatni-crncic.com\/de\/info\/","title":{"rendered":"Info"},"content":{"rendered":"<p><div  class=\"fusion-fullwidth fullwidth-box hundred-percent-fullwidth fusion-equal-height-columns\"  style='background-color: rgba(255,255,255,0);background-position: left top;background-repeat: no-repeat;padding-top:0px;padding-right:0px;padding-bottom:0px;padding-left:0px;border-top-width:0px;border-bottom-width:0px;border-color:#eae9e9;border-top-style:solid;border-bottom-style:solid;'><div class=\"fusion-builder-row fusion-row \"><div  class=\"fusion-layout-column fusion_builder_column fusion_builder_column_1_2  fusion-one-half fusion-column-first 1_2\"  style='margin-top:0px;margin-bottom:0px;'>\n\t\t\t<div class=\"fusion-column-wrapper\" style=\"background-image: url('http:\/\/www.glavatni-crncic.com\/wp-content\/uploads\/2015\/02\/5L8A0416-1024x683.jpg');background-position:center center;background-repeat:no-repeat;-webkit-background-size:cover;-moz-background-size:cover;-o-background-size:cover;background-size:cover;\"  data-bg-url=\"http:\/\/www.glavatni-crncic.com\/wp-content\/uploads\/2015\/02\/5L8A0416-1024x683.jpg\">\n\t\t\t\t<div class=\"fusion-clearfix\"><\/div>\n\n\t\t\t<\/div>\n\t\t<\/div><div  class=\"fusion-layout-column fusion_builder_column fusion_builder_column_1_2  fusion-one-half fusion-column-last 1_2\"  style='margin-top:0px;margin-bottom:0px;'>\n\t\t\t<div class=\"fusion-column-wrapper\" style=\"padding: 10%;background-position:left top;background-repeat:no-repeat;-webkit-background-size:cover;-moz-background-size:cover;-o-background-size:cover;background-size:cover;\"  data-bg-url=\"\">\n\t\t\t\t<div class=\"fusion-column-content-centered\"><div class=\"fusion-column-content\"><h3>\u00dcBER UNS<\/h3>\n<h4><strong>WIR BIETEN IHNEN VERSCHIEDEN AUSFL\u00dcGE UND REISEZIELE NACH FAHRPLAN AN.<\/strong><\/h4>\n<div class=\"fusion-sep-clear\"><\/div><div class=\"fusion-separator sep-single sep-solid\" style=\"border-color:#f6e5d6;border-top-width:1px;margin-top:30px;margin-bottom:50px;width:100%;max-width:170px;\"><\/div><p>Seit eh und je wird das Schiff als Lebewesen betrachtet, mit Seele und ihren Launen, verschiedenen Wetterbedingungen ausgesetzt, auf seinen Reisen von Menschenhand gef\u00fchrt.<\/p>\n<p>Eben das ist eine Geschichte, \u00fcber ein solches Schiff, die vor hundert Jahren angefangen hat. Die Erinnerungen sind noch wach, und vielen ist es in solch einem Ged\u00e4chtnis geblieben. So wie eine Legende. Heute, nach hundert Jahren Reisen durch die Geschichte, erlebt das Schiff \u201eGlavatni\u201c seine zweite Jugend, erneuert und mit anderen Aufgaben, wo es vor Anker seine G\u00e4ste empf\u00e4ngt und ihnen ein Gef\u00fchl der Ber\u00fchrung mit der unwiederstehlichen Schiffslegende, einer angenehmehr Fahrt beim Meeresklang und M\u00f6wenschrei bietet. In der Hoffnung ein unvergessliches Teil Ihres Urlaubs zu bleiben.<\/p>\n<p>Schiffsmannschaft<br \/>\nCrn\u010di\u0107<\/p>\n<\/div><\/div><div class=\"fusion-clearfix\"><\/div>\n\n\t\t\t<\/div>\n\t\t<\/div><\/div><\/div><div  class=\"fusion-fullwidth fullwidth-box hundred-percent-fullwidth\"  style='background-color: rgba(255,255,255,0);background-position: center center;background-repeat: no-repeat;padding-top:0px;padding-right:0px;padding-bottom:0px;padding-left:0px;margin-bottom: 0px;margin-top: 0px;'><div class=\"fusion-builder-row fusion-row \"><div  class=\"fusion-layout-column fusion_builder_column fusion_builder_column_1_1  fusion-one-full fusion-column-first fusion-column-last 1_1\"  style='margin-top:0px;margin-bottom:0px;'>\n\t\t\t<div class=\"fusion-column-wrapper\" style=\"padding: 25px 0px 0px 0px;background-image: url('http:\/\/www.glavatni-crncic.com\/wp-content\/uploads\/2015\/02\/33.jpg');background-position:left top;background-repeat:repeat;\"  data-bg-url=\"http:\/\/www.glavatni-crncic.com\/wp-content\/uploads\/2015\/02\/33.jpg\">\n\t\t\t\t<div class=\"fusion-column-content-centered\"><div class=\"fusion-column-content\"><div class=\"fusion-image-carousel fusion-image-carousel-fixed lightbox-enabled\"><div class=\"fusion-carousel\" data-autoplay=\"no\" data-columns=\"6\" data-itemmargin=\"15\" data-itemwidth=\"180\" data-touchscroll=\"no\" data-imagesize=\"fixed\"><div class=\"fusion-carousel-positioner\"><ul class=\"fusion-carousel-holder\"><li class=\"fusion-carousel-item\"><div class=\"fusion-carousel-item-wrapper\"><div class=\"fusion-image-wrapper hover-type-none\"><a data-rel=\"iLightbox[gallery_image_1]\" href=\"http:\/\/www.glavatni-crncic.com\/wp-content\/uploads\/2017\/07\/glavatni-soline-20-1024x575.jpg\" target=\"_self\"><img decoding=\"async\" src=\"http:\/\/www.glavatni-crncic.com\/wp-content\/uploads\/2017\/07\/glavatni-soline-20-1024x575.jpg\" alt=\"\"\/><\/a><\/div><\/div><\/li><li class=\"fusion-carousel-item\"><div class=\"fusion-carousel-item-wrapper\"><div class=\"fusion-image-wrapper hover-type-none\"><a data-rel=\"iLightbox[gallery_image_1]\" href=\"http:\/\/www.glavatni-crncic.com\/wp-content\/uploads\/2017\/07\/glavatni-soline-19-1024x575.jpg\" target=\"_self\"><img decoding=\"async\" src=\"http:\/\/www.glavatni-crncic.com\/wp-content\/uploads\/2017\/07\/glavatni-soline-19-1024x575.jpg\" alt=\"\"\/><\/a><\/div><\/div><\/li><li class=\"fusion-carousel-item\"><div class=\"fusion-carousel-item-wrapper\"><div class=\"fusion-image-wrapper hover-type-none\"><a data-rel=\"iLightbox[gallery_image_1]\" href=\"http:\/\/www.glavatni-crncic.com\/wp-content\/uploads\/2017\/07\/glavatni-soline-18-1024x575.jpg\" target=\"_self\"><img decoding=\"async\" src=\"http:\/\/www.glavatni-crncic.com\/wp-content\/uploads\/2017\/07\/glavatni-soline-18-1024x575.jpg\" alt=\"\"\/><\/a><\/div><\/div><\/li><li class=\"fusion-carousel-item\"><div class=\"fusion-carousel-item-wrapper\"><div class=\"fusion-image-wrapper hover-type-none\"><a data-rel=\"iLightbox[gallery_image_1]\" href=\"http:\/\/www.glavatni-crncic.com\/wp-content\/uploads\/2017\/07\/glavatni-soline-17-1024x575.jpg\" target=\"_self\"><img decoding=\"async\" src=\"http:\/\/www.glavatni-crncic.com\/wp-content\/uploads\/2017\/07\/glavatni-soline-17-1024x575.jpg\" alt=\"\"\/><\/a><\/div><\/div><\/li><li class=\"fusion-carousel-item\"><div class=\"fusion-carousel-item-wrapper\"><div class=\"fusion-image-wrapper hover-type-none\"><a data-rel=\"iLightbox[gallery_image_1]\" href=\"http:\/\/www.glavatni-crncic.com\/wp-content\/uploads\/2017\/07\/glavatni-soline-16-1024x640.jpg\" target=\"_self\"><img decoding=\"async\" src=\"http:\/\/www.glavatni-crncic.com\/wp-content\/uploads\/2017\/07\/glavatni-soline-16-1024x640.jpg\" alt=\"\"\/><\/a><\/div><\/div><\/li><li class=\"fusion-carousel-item\"><div class=\"fusion-carousel-item-wrapper\"><div class=\"fusion-image-wrapper hover-type-none\"><a data-rel=\"iLightbox[gallery_image_1]\" href=\"http:\/\/www.glavatni-crncic.com\/wp-content\/uploads\/2017\/07\/glavatni-soline-15-1024x640.jpg\" target=\"_self\"><img decoding=\"async\" src=\"http:\/\/www.glavatni-crncic.com\/wp-content\/uploads\/2017\/07\/glavatni-soline-15-1024x640.jpg\" alt=\"\"\/><\/a><\/div><\/div><\/li><li class=\"fusion-carousel-item\"><div class=\"fusion-carousel-item-wrapper\"><div class=\"fusion-image-wrapper hover-type-none\"><a data-rel=\"iLightbox[gallery_image_1]\" href=\"http:\/\/www.glavatni-crncic.com\/wp-content\/uploads\/2017\/07\/glavatni-soline-14-1024x640.jpg\" target=\"_self\"><img decoding=\"async\" src=\"http:\/\/www.glavatni-crncic.com\/wp-content\/uploads\/2017\/07\/glavatni-soline-14-1024x640.jpg\" alt=\"\"\/><\/a><\/div><\/div><\/li><li class=\"fusion-carousel-item\"><div class=\"fusion-carousel-item-wrapper\"><div class=\"fusion-image-wrapper hover-type-none\"><a data-rel=\"iLightbox[gallery_image_1]\" href=\"http:\/\/www.glavatni-crncic.com\/wp-content\/uploads\/2017\/07\/glavatni-soline-13-1024x640.jpg\" target=\"_self\"><img decoding=\"async\" src=\"http:\/\/www.glavatni-crncic.com\/wp-content\/uploads\/2017\/07\/glavatni-soline-13-1024x640.jpg\" alt=\"\"\/><\/a><\/div><\/div><\/li><li class=\"fusion-carousel-item\"><div class=\"fusion-carousel-item-wrapper\"><div class=\"fusion-image-wrapper hover-type-none\"><a data-rel=\"iLightbox[gallery_image_1]\" href=\"http:\/\/www.glavatni-crncic.com\/wp-content\/uploads\/2017\/07\/glavatni-soline-12-1024x640.jpg\" target=\"_self\"><img decoding=\"async\" src=\"http:\/\/www.glavatni-crncic.com\/wp-content\/uploads\/2017\/07\/glavatni-soline-12-1024x640.jpg\" alt=\"\"\/><\/a><\/div><\/div><\/li><li class=\"fusion-carousel-item\"><div class=\"fusion-carousel-item-wrapper\"><div class=\"fusion-image-wrapper hover-type-none\"><a data-rel=\"iLightbox[gallery_image_1]\" href=\"http:\/\/www.glavatni-crncic.com\/wp-content\/uploads\/2017\/07\/glavatni-soline-11-1024x640.jpg\" target=\"_self\"><img decoding=\"async\" src=\"http:\/\/www.glavatni-crncic.com\/wp-content\/uploads\/2017\/07\/glavatni-soline-11-1024x640.jpg\" alt=\"\"\/><\/a><\/div><\/div><\/li><li class=\"fusion-carousel-item\"><div class=\"fusion-carousel-item-wrapper\"><div class=\"fusion-image-wrapper hover-type-none\"><a data-rel=\"iLightbox[gallery_image_1]\" href=\"http:\/\/www.glavatni-crncic.com\/wp-content\/uploads\/2017\/07\/glavatni-soline-10-1024x640.jpg\" target=\"_self\"><img decoding=\"async\" src=\"http:\/\/www.glavatni-crncic.com\/wp-content\/uploads\/2017\/07\/glavatni-soline-10-1024x640.jpg\" alt=\"\"\/><\/a><\/div><\/div><\/li><li class=\"fusion-carousel-item\"><div class=\"fusion-carousel-item-wrapper\"><div class=\"fusion-image-wrapper hover-type-none\"><a data-rel=\"iLightbox[gallery_image_1]\" href=\"http:\/\/www.glavatni-crncic.com\/wp-content\/uploads\/2017\/07\/glavatni-soline-9-1024x640.jpg\" target=\"_self\"><img decoding=\"async\" src=\"http:\/\/www.glavatni-crncic.com\/wp-content\/uploads\/2017\/07\/glavatni-soline-9-1024x640.jpg\" alt=\"\"\/><\/a><\/div><\/div><\/li><li class=\"fusion-carousel-item\"><div class=\"fusion-carousel-item-wrapper\"><div class=\"fusion-image-wrapper hover-type-none\"><a data-rel=\"iLightbox[gallery_image_1]\" href=\"http:\/\/www.glavatni-crncic.com\/wp-content\/uploads\/2017\/07\/glavatni-soline-8-1024x683.jpg\" target=\"_self\"><img decoding=\"async\" src=\"http:\/\/www.glavatni-crncic.com\/wp-content\/uploads\/2017\/07\/glavatni-soline-8-1024x683.jpg\" alt=\"\"\/><\/a><\/div><\/div><\/li><li class=\"fusion-carousel-item\"><div class=\"fusion-carousel-item-wrapper\"><div class=\"fusion-image-wrapper hover-type-none\"><a data-rel=\"iLightbox[gallery_image_1]\" href=\"http:\/\/www.glavatni-crncic.com\/wp-content\/uploads\/2017\/07\/glavatni-soline-7-1024x683.jpg\" target=\"_self\"><img decoding=\"async\" src=\"http:\/\/www.glavatni-crncic.com\/wp-content\/uploads\/2017\/07\/glavatni-soline-7-1024x683.jpg\" alt=\"\"\/><\/a><\/div><\/div><\/li><li class=\"fusion-carousel-item\"><div class=\"fusion-carousel-item-wrapper\"><div class=\"fusion-image-wrapper hover-type-none\"><a data-rel=\"iLightbox[gallery_image_1]\" href=\"http:\/\/www.glavatni-crncic.com\/wp-content\/uploads\/2017\/07\/glavatni-soline-6-1024x683.jpg\" target=\"_self\"><img decoding=\"async\" src=\"http:\/\/www.glavatni-crncic.com\/wp-content\/uploads\/2017\/07\/glavatni-soline-6-1024x683.jpg\" alt=\"\"\/><\/a><\/div><\/div><\/li><li class=\"fusion-carousel-item\"><div class=\"fusion-carousel-item-wrapper\"><div class=\"fusion-image-wrapper hover-type-none\"><a data-rel=\"iLightbox[gallery_image_1]\" href=\"http:\/\/www.glavatni-crncic.com\/wp-content\/uploads\/2017\/07\/glavatni-soline-2-1024x683.jpg\" target=\"_self\"><img decoding=\"async\" src=\"http:\/\/www.glavatni-crncic.com\/wp-content\/uploads\/2017\/07\/glavatni-soline-2-1024x683.jpg\" alt=\"\"\/><\/a><\/div><\/div><\/li><li class=\"fusion-carousel-item\"><div class=\"fusion-carousel-item-wrapper\"><div class=\"fusion-image-wrapper hover-type-none\"><a data-rel=\"iLightbox[gallery_image_1]\" href=\"http:\/\/www.glavatni-crncic.com\/wp-content\/uploads\/2017\/07\/glavatni-soline-1-1024x683.jpg\" target=\"_self\"><img decoding=\"async\" src=\"http:\/\/www.glavatni-crncic.com\/wp-content\/uploads\/2017\/07\/glavatni-soline-1-1024x683.jpg\" alt=\"\"\/><\/a><\/div><\/div><\/li><\/ul><div class=\"fusion-carousel-nav\"><span class=\"fusion-nav-prev\"><\/span><span class=\"fusion-nav-next\"><\/span><\/div><\/div><\/div><\/div><\/div><\/div><div class=\"fusion-clearfix\"><\/div>\n\n\t\t\t<\/div>\n\t\t<\/div><\/div><\/div><div  class=\"fusion-fullwidth fullwidth-box hundred-percent-fullwidth fusion-equal-height-columns\"  style='background-color: rgba(255,255,255,0);background-position: left top;background-repeat: no-repeat;padding-top:0px;padding-right:0px;padding-bottom:0px;padding-left:0px;margin-top: 0px;border-top-width:0px;border-bottom-width:0px;border-color:#eae9e9;border-top-style:solid;border-bottom-style:solid;'><div class=\"fusion-builder-row fusion-row \"><div  class=\"fusion-layout-column fusion_builder_column fusion_builder_column_1_2  fusion-one-half fusion-column-first 1_2\"  style='margin-top:0px;margin-bottom:0px;'>\n\t\t\t<div class=\"fusion-column-wrapper\" style=\"padding: 10%;background-position:left top;background-repeat:no-repeat;-webkit-background-size:cover;-moz-background-size:cover;-o-background-size:cover;background-size:cover;\"  data-bg-url=\"\">\n\t\t\t\t<div class=\"fusion-column-content-centered\"><div class=\"fusion-column-content\"><h3>EINLEITUNG<\/h3>\n<h4><strong>VERBRINGEN SIE ANGENEHME MOMENTE AUF UNSEREN SCHIFF<br \/>\n<\/strong><\/h4>\n<div class=\"fusion-sep-clear\"><\/div><div class=\"fusion-separator sep-single sep-solid\" style=\"border-color:#f6e5d6;border-top-width:1px;margin-top:30px;margin-bottom:50px;width:100%;max-width:170px;\"><\/div><p>Wir sind ein Familienbetrieb, welches sich mit Tourismus besch\u00e4ftigt. Uns ist es eine Ehre Ihnen ein attraktives Holzschiff namens \u201eGlavatni\u201c vorzustellen, mit dem Wunsch gem\u00fctliche Urlaubsaugenblicke in der wunderbaren Kvarnerbucht mit uns zu verbringen. Auf dieser Seite erfahren Sie alles \u00fcber uns.<\/p>\n<h3>SCHIFFSANGABEN<\/h3>\n<p><strong>Loger:<\/strong> M\/B Glavatni<br \/>\n<strong>L\u00e4nge:<\/strong> 19 m<br \/>\n<strong>Breit:<\/strong> 4.95 m<br \/>\n<strong>Geschwindigkeit:<\/strong> 7 Knoten<br \/>\n<strong>Kapazit\u00e4t:<\/strong> 50 Personen, TV, WC,Sonnendeck<\/p>\n<\/div><\/div><div class=\"fusion-clearfix\"><\/div>\n\n\t\t\t<\/div>\n\t\t<\/div><div  class=\"fusion-layout-column fusion_builder_column fusion_builder_column_1_2  fusion-one-half fusion-column-last 1_2\"  style='margin-top:0px;margin-bottom:0px;'>\n\t\t\t<div class=\"fusion-column-wrapper\" style=\"background-image: url('http:\/\/www.glavatni-crncic.com\/wp-content\/uploads\/2015\/02\/DJI_0053-1-1024x575.jpg');background-position:center center;background-repeat:no-repeat;-webkit-background-size:cover;-moz-background-size:cover;-o-background-size:cover;background-size:cover;\"  data-bg-url=\"http:\/\/www.glavatni-crncic.com\/wp-content\/uploads\/2015\/02\/DJI_0053-1-1024x575.jpg\">\n\t\t\t\t<div class=\"fusion-clearfix\"><\/div>\n\n\t\t\t<\/div>\n\t\t<\/div><\/div><\/div><div  class=\"fusion-fullwidth fullwidth-box nonhundred-percent-fullwidth\"  style='background-color: #60a9ba;background-position: center center;background-repeat: no-repeat;padding-top:55px;padding-right:5%;padding-bottom:55px;padding-left:5%;border-top-width:0px;border-bottom-width:0px;border-color:#eae9e9;border-top-style:solid;border-bottom-style:solid;'><div class=\"fusion-builder-row fusion-row \"><div  class=\"fusion-layout-column fusion_builder_column fusion_builder_column_1_1  fusion-one-full fusion-column-first fusion-column-last fusion-column-no-min-height 1_1\"  style='margin-top:0px;margin-bottom:0px;'>\n\t\t\t<div class=\"fusion-column-wrapper\" style=\"background-position:left top;background-repeat:no-repeat;-webkit-background-size:cover;-moz-background-size:cover;-o-background-size:cover;background-size:cover;\"  data-bg-url=\"\">\n\t\t\t\t<h2 style=\"text-align: center;\">BOOKING<\/h2>\n<div class=\"fusion-sep-clear\"><\/div><div class=\"fusion-separator sep-single sep-solid hrshort\" style=\"border-color:#f6e5d6;border-top-width:1px;margin-left: auto;margin-right: auto;margin-top:0px;margin-bottom:20px;width:100%;max-width:170px;\"><\/div><div class=\"fusion-clearfix\"><\/div>\n\n\t\t\t<\/div>\n\t\t<\/div><div  class=\"fusion-layout-column fusion_builder_column fusion_builder_column_1_1  fusion-one-full fusion-column-first fusion-column-last fusion-column-no-min-height 1_1\"  style='margin-top:0px;margin-bottom:0px;'>\n\t\t\t<div class=\"fusion-column-wrapper\" style=\"background-position:left top;background-repeat:no-repeat;-webkit-background-size:cover;-moz-background-size:cover;-o-background-size:cover;background-size:cover;\"  data-bg-url=\"\">\n\t\t\t\t<p style=\"text-align: center;\"><span style=\"font-family: 'Titillium Web', Arial, Helvetica, sans-serif !important; font-size: 20px; line-height: 25px; color: #fff;\">Sie k\u00f6nnen Ihren Ausflug in Crikvenica (Hafen) oder per E-Mail oder Telefon buchen.<\/span><\/p>\n<p style=\"text-align: center;\"><span style=\"font-family: 'Titillium Web', Arial, Helvetica, sans-serif !important; font-size: 18px; line-height: 20px; color: #fff;\">GSM: +385\/91\/595-5343, +385\/91\/1853-048, E-Mail: <a href=\"mailto:glavatni.crncic@gmail.com\">glavatni.crncic@gmail.com<\/a><\/span><\/p>\n<div class=\"fusion-clearfix\"><\/div>\n\n\t\t\t<\/div>\n\t\t<\/div><\/div><\/div><div  class=\"fusion-fullwidth fullwidth-box hundred-percent-fullwidth\"  style='background-color: #313539;background-position: left top;background-repeat: no-repeat;padding-top:55px;padding-right:5.4%;padding-bottom:0px;padding-left:5.4%;border-top-width:0px;border-bottom-width:0px;border-color:#eae9e9;border-top-style:solid;border-bottom-style:solid;'><div class=\"fusion-builder-row fusion-row \"><div  class=\"fusion-layout-column fusion_builder_column fusion_builder_column_1_1  fusion-one-full fusion-column-first fusion-column-last fusion-column-no-min-height 1_1\"  style='margin-top:0px;margin-bottom:0px;'>\n\t\t\t<div class=\"fusion-column-wrapper\" style=\"background-position:left top;background-repeat:no-repeat;-webkit-background-size:cover;-moz-background-size:cover;-o-background-size:cover;background-size:cover;\"  data-bg-url=\"\">\n\t\t\t\t<p><img loading=\"lazy\" decoding=\"async\" class=\"size-full wp-image-844 aligncenter\" src=\"http:\/\/www.glavatni-crncic.com\/wp-content\/uploads\/2015\/02\/glavatni-footer.png\" alt=\"Ausfl\u00fcge von Crikvenica auf die Insel Krk und Insel Goli\" width=\"300\" height=\"150\" srcset=\"http:\/\/www.glavatni-crncic.com\/wp-content\/uploads\/2015\/02\/glavatni-footer-200x100.png 200w, http:\/\/www.glavatni-crncic.com\/wp-content\/uploads\/2015\/02\/glavatni-footer.png 300w\" sizes=\"(max-width: 300px) 100vw, 300px\" \/><\/p>\n<div class=\"fusion-sep-clear\"><\/div><div class=\"fusion-separator fusion-full-width-sep sep-single sep-solid\" style=\"border-color:#45494e;border-top-width:1px;margin-left: auto;margin-right: auto;margin-top:50px;margin-bottom:40px;\"><\/div><div class=\"fusion-clearfix\"><\/div>\n\n\t\t\t<\/div>\n\t\t<\/div><\/div><\/div><\/p>\n","protected":false},"excerpt":{"rendered":"","protected":false},"author":1,"featured_media":0,"parent":0,"menu_order":0,"comment_status":"closed","ping_status":"open","template":"100-width.php","meta":{"footnotes":""},"_links":{"self":[{"href":"http:\/\/www.glavatni-crncic.com\/de\/wp-json\/wp\/v2\/pages\/1001"}],"collection":[{"href":"http:\/\/www.glavatni-crncic.com\/de\/wp-json\/wp\/v2\/pages"}],"about":[{"href":"http:\/\/www.glavatni-crncic.com\/de\/wp-json\/wp\/v2\/types\/page"}],"author":[{"embeddable":true,"href":"http:\/\/www.glavatni-crncic.com\/de\/wp-json\/wp\/v2\/users\/1"}],"replies":[{"embeddable":true,"href":"http:\/\/www.glavatni-crncic.com\/de\/wp-json\/wp\/v2\/comments?post=1001"}],"version-history":[{"count":2,"href":"http:\/\/www.glavatni-crncic.com\/de\/wp-json\/wp\/v2\/pages\/1001\/revisions"}],"predecessor-version":[{"id":1036,"href":"http:\/\/www.glavatni-crncic.com\/de\/wp-json\/wp\/v2\/pages\/1001\/revisions\/1036"}],"wp:attachment":[{"href":"http:\/\/www.glavatni-crncic.com\/de\/wp-json\/wp\/v2\/media?parent=1001"}],"curies":[{"name":"wp","href":"https:\/\/api.w.org\/{rel}","templated":true}]}}