{"id":995,"date":"2017-07-10T14:58:12","date_gmt":"2017-07-10T13:58:12","guid":{"rendered":"http:\/\/www.glavatni-crncic.com\/excursions-crikvenica-island-krk\/"},"modified":"2017-07-17T22:43:29","modified_gmt":"2017-07-17T21:43:29","slug":"ausfluge-crikvenica-insel-krk","status":"publish","type":"page","link":"http:\/\/www.glavatni-crncic.com\/de\/ausfluge-crikvenica-insel-krk\/","title":{"rendered":"Ausfl\u00fcge"},"content":{"rendered":"<p><div  class=\"fusion-fullwidth fullwidth-box hundred-percent-fullwidth fusion-equal-height-columns\"  style='background-color: #313539;background-position: left top;background-repeat: no-repeat;padding-top:0px;padding-right:0px;padding-bottom:0px;padding-left:0px;border-top-width:0px;border-bottom-width:0px;border-color:#eae9e9;border-top-style:solid;border-bottom-style:solid;'><div class=\"fusion-builder-row fusion-row \"><div  class=\"fusion-layout-column fusion_builder_column fusion_builder_column_2_3  fusion-two-third fusion-column-first 2_3\"  style='margin-top:0px;margin-bottom:0px;'>\n\t\t\t<div class=\"fusion-column-wrapper\" style=\"padding: 10%;background-position:left top;background-repeat:no-repeat;-webkit-background-size:cover;-moz-background-size:cover;-o-background-size:cover;background-size:cover;\"  data-bg-url=\"\">\n\t\t\t\t<div class=\"fusion-column-content-centered\"><div class=\"fusion-column-content\"><h2>AUSFL\u00dcGE AUS CRIKVENICA AUF DIE INSEL KRK UND INSEL GOLI<\/h2>\n<h4>Das MS Glavatni bietet Ihnen verschieden Ausfl\u00fcge und Reiseziele aus Crikvenica und<\/h4>\n<div class=\"fusion-sep-clear\"><\/div><div class=\"fusion-separator sep-single sep-solid hrleft\" style=\"border-color:#f6e5d6;border-top-width:1px;margin-top:20px;margin-bottom:40px;width:100%;max-width:170px;\"><\/div><p><img loading=\"lazy\" decoding=\"async\" class=\"alignleft wp-image-836 size-full\" title=\"Vrbnik - Island Krk\" src=\"http:\/\/www.glavatni-crncic.com\/wp-content\/uploads\/2015\/02\/vrbnik.jpg\" alt=\"Vrbnik - Island Krk\" width=\"250\" height=\"155\" srcset=\"http:\/\/www.glavatni-crncic.com\/wp-content\/uploads\/2015\/02\/vrbnik-200x124.jpg 200w, http:\/\/www.glavatni-crncic.com\/wp-content\/uploads\/2015\/02\/vrbnik.jpg 250w\" sizes=\"(max-width: 250px) 100vw, 250px\" \/> <img loading=\"lazy\" decoding=\"async\" class=\"alignleft wp-image-835 size-full\" title=\"Soline bay - Island Krk\" src=\"http:\/\/www.glavatni-crncic.com\/wp-content\/uploads\/2015\/02\/uvala-soline.jpg\" alt=\"Soline bay - Island Krk\" width=\"250\" height=\"155\" srcset=\"http:\/\/www.glavatni-crncic.com\/wp-content\/uploads\/2015\/02\/uvala-soline-200x124.jpg 200w, http:\/\/www.glavatni-crncic.com\/wp-content\/uploads\/2015\/02\/uvala-soline.jpg 250w\" sizes=\"(max-width: 250px) 100vw, 250px\" \/><\/p>\n<div class=\"fusion-sep-clear\"><\/div><div class=\"fusion-separator fusion-full-width-sep sep-none\" style=\"margin-left: auto;margin-right: auto;margin-top:40px;\"><\/div><p>Wir bieten Ihen Aufenthalt in einem der malerischen Orte, bzw. In einem der <strong>interressanten Reiseziele &#8211; Vrbnik, Crikvenica, Soline, Rudine, Krk Br\u00fccke\u2026<\/strong> Die G\u00e4ste k\u00f6nnen Ihre Zeit je nach Wunsch nutzen: Spazierg\u00e4nge, Besichtigungen, Schoppen, Baden und Sonnen auf Fels &#8211; oder Sandstr\u00e4nden. \u00a0Nach Wunsch der Reisenden kann das Schff in einer der wundersch\u00f6nen Kvarnerbuchten mit <strong>Kristallklarem Meer<\/strong> ankern, wo unsere G\u00e4ste vom Schiff baden k\u00f6nnen.<\/p>\n<div class=\"fusion-sep-clear\"><\/div><div class=\"fusion-separator fusion-full-width-sep sep-none\" style=\"margin-left: auto;margin-right: auto;margin-top:40px;\"><\/div><p>Wir bieten Ihnen <strong>verschieden Ausfl\u00fcge und Reiseziele<\/strong> nach Fahrplan an. Ganzt\u00e4gige, halbt\u00e4gige, einst\u00fcndige, Nachtfahrten usw.. Wir sind sicher, dass Sie etwas f\u00fcr sich aussuchen werden.<\/p>\n<h4><strong>Fahrplan:<\/strong><\/h4>\n<p>&#8211; Crikvenica &#8211; Meline (Heilschlamm auf der Insel Krk) &#8211; 9:30 &#8211; 12:00<br \/>\n&#8211; Crikvenica &#8211; Vrbnik &#8211; 13:00 &#8211; 16:00<br \/>\n&#8211; Soline &#8211; Crikvenica &#8211; 12:00 &#8211; 17:00<br \/>\n&#8211; Nachtfahrt &#8211; 20:30 &#8211; 22:30<br \/>\n&#8211; Goli Insel &#8211; nach Absprache<br \/>\n&#8211; Panorama Tour &#8211; nach Absprache<\/p>\n<\/div><\/div><div class=\"fusion-clearfix\"><\/div>\n\n\t\t\t<\/div>\n\t\t<\/div><div  class=\"fusion-layout-column fusion_builder_column fusion_builder_column_1_3  fusion-one-third fusion-column-last 1_3\"  style='margin-top:0px;margin-bottom:0px;'>\n\t\t\t<div class=\"fusion-column-wrapper\" style=\"background-image: url('http:\/\/www.glavatni-crncic.com\/wp-content\/uploads\/2017\/07\/karta-1.jpg');background-position:left top;background-repeat:no-repeat;-webkit-background-size:cover;-moz-background-size:cover;-o-background-size:cover;background-size:cover;\"  data-bg-url=\"http:\/\/www.glavatni-crncic.com\/wp-content\/uploads\/2017\/07\/karta-1.jpg\">\n\t\t\t\t<div class=\"fusion-clearfix\"><\/div>\n\n\t\t\t<\/div>\n\t\t<\/div><\/div><\/div><div  class=\"fusion-fullwidth fullwidth-box nonhundred-percent-fullwidth\"  style='background-color: #60a9ba;background-position: center center;background-repeat: no-repeat;padding-top:55px;padding-right:5%;padding-bottom:55px;padding-left:5%;border-top-width:0px;border-bottom-width:0px;border-color:#eae9e9;border-top-style:solid;border-bottom-style:solid;'><div class=\"fusion-builder-row fusion-row \"><div  class=\"fusion-layout-column fusion_builder_column fusion_builder_column_1_1  fusion-one-full fusion-column-first fusion-column-last fusion-column-no-min-height 1_1\"  style='margin-top:0px;margin-bottom:0px;'>\n\t\t\t<div class=\"fusion-column-wrapper\" style=\"background-position:left top;background-repeat:no-repeat;-webkit-background-size:cover;-moz-background-size:cover;-o-background-size:cover;background-size:cover;\"  data-bg-url=\"\">\n\t\t\t\t<h2 style=\"text-align: center;\">BOOKING<\/h2>\n<div class=\"fusion-sep-clear\"><\/div><div class=\"fusion-separator sep-single sep-solid hrshort\" style=\"border-color:#f6e5d6;border-top-width:1px;margin-left: auto;margin-right: auto;margin-top:0px;margin-bottom:20px;width:100%;max-width:170px;\"><\/div><div class=\"fusion-clearfix\"><\/div>\n\n\t\t\t<\/div>\n\t\t<\/div><div  class=\"fusion-layout-column fusion_builder_column fusion_builder_column_1_1  fusion-one-full fusion-column-first fusion-column-last fusion-column-no-min-height 1_1\"  style='margin-top:0px;margin-bottom:0px;'>\n\t\t\t<div class=\"fusion-column-wrapper\" style=\"background-position:left top;background-repeat:no-repeat;-webkit-background-size:cover;-moz-background-size:cover;-o-background-size:cover;background-size:cover;\"  data-bg-url=\"\">\n\t\t\t\t<p style=\"text-align: center;\"><span style=\"font-family: 'Titillium Web', Arial, Helvetica, sans-serif !important; font-size: 20px; line-height: 25px; color: #fff;\">Sie k\u00f6nnen Ihren Ausflug in Crikvenica (Hafen) oder per E-Mail oder Telefon buchen.<\/span><\/p>\n<p style=\"text-align: center;\"><span style=\"font-family: 'Titillium Web', Arial, Helvetica, sans-serif !important; font-size: 18px; line-height: 20px; color: #fff;\">GSM: +385\/91\/595-5343, +385\/91\/1853-048, E-Mail: <a href=\"mailto:glavatni.crncic@gmail.com\">glavatni.crncic@gmail.com<\/a><\/span><\/p>\n<div class=\"fusion-clearfix\"><\/div>\n\n\t\t\t<\/div>\n\t\t<\/div><\/div><\/div><div  class=\"fusion-fullwidth fullwidth-box hundred-percent-fullwidth\"  style='background-color: rgba(255,255,255,0);background-position: center center;background-repeat: no-repeat;padding-top:0px;padding-right:0px;padding-bottom:0px;padding-left:0px;margin-bottom: 0px;margin-top: 0px;'><div class=\"fusion-builder-row fusion-row \"><div  class=\"fusion-layout-column fusion_builder_column fusion_builder_column_1_1  fusion-one-full fusion-column-first fusion-column-last 1_1\"  style='margin-top:0px;margin-bottom:0px;'>\n\t\t\t<div class=\"fusion-column-wrapper\" style=\"padding: 25px 0px 0px 0px;background-image: url('http:\/\/www.glavatni-crncic.com\/wp-content\/uploads\/2015\/02\/33.jpg');background-position:left top;background-repeat:repeat;\"  data-bg-url=\"http:\/\/www.glavatni-crncic.com\/wp-content\/uploads\/2015\/02\/33.jpg\">\n\t\t\t\t<div class=\"fusion-column-content-centered\"><div class=\"fusion-column-content\"><div class=\"fusion-image-carousel fusion-image-carousel-fixed lightbox-enabled\"><div class=\"fusion-carousel\" data-autoplay=\"no\" data-columns=\"6\" data-itemmargin=\"15\" data-itemwidth=\"180\" data-touchscroll=\"no\" data-imagesize=\"fixed\"><div class=\"fusion-carousel-positioner\"><ul class=\"fusion-carousel-holder\"><li class=\"fusion-carousel-item\"><div class=\"fusion-carousel-item-wrapper\"><div class=\"fusion-image-wrapper hover-type-none\"><a data-rel=\"iLightbox[gallery_image_1]\" href=\"http:\/\/www.glavatni-crncic.com\/wp-content\/uploads\/2017\/07\/glavatni-crncic-destinations-1-1024x683.jpg\" target=\"_self\"><img decoding=\"async\" src=\"http:\/\/www.glavatni-crncic.com\/wp-content\/uploads\/2017\/07\/glavatni-crncic-destinations-1-1024x683.jpg\" alt=\"\"\/><\/a><\/div><\/div><\/li><li class=\"fusion-carousel-item\"><div class=\"fusion-carousel-item-wrapper\"><div class=\"fusion-image-wrapper hover-type-none\"><a data-rel=\"iLightbox[gallery_image_1]\" href=\"http:\/\/www.glavatni-crncic.com\/wp-content\/uploads\/2017\/07\/glavatni-crncic-destinations-2-1024x683.jpg\" target=\"_self\"><img decoding=\"async\" src=\"http:\/\/www.glavatni-crncic.com\/wp-content\/uploads\/2017\/07\/glavatni-crncic-destinations-2-1024x683.jpg\" alt=\"\"\/><\/a><\/div><\/div><\/li><li class=\"fusion-carousel-item\"><div class=\"fusion-carousel-item-wrapper\"><div class=\"fusion-image-wrapper hover-type-none\"><a data-rel=\"iLightbox[gallery_image_1]\" href=\"http:\/\/www.glavatni-crncic.com\/wp-content\/uploads\/2017\/07\/glavatni-crncic-destinations-3-1024x683.jpg\" target=\"_self\"><img decoding=\"async\" src=\"http:\/\/www.glavatni-crncic.com\/wp-content\/uploads\/2017\/07\/glavatni-crncic-destinations-3-1024x683.jpg\" alt=\"\"\/><\/a><\/div><\/div><\/li><li class=\"fusion-carousel-item\"><div class=\"fusion-carousel-item-wrapper\"><div class=\"fusion-image-wrapper hover-type-none\"><a data-rel=\"iLightbox[gallery_image_1]\" href=\"http:\/\/www.glavatni-crncic.com\/wp-content\/uploads\/2017\/07\/glavatni-crncic-destinations-4-1024x683.jpg\" target=\"_self\"><img decoding=\"async\" src=\"http:\/\/www.glavatni-crncic.com\/wp-content\/uploads\/2017\/07\/glavatni-crncic-destinations-4-1024x683.jpg\" alt=\"\"\/><\/a><\/div><\/div><\/li><li class=\"fusion-carousel-item\"><div class=\"fusion-carousel-item-wrapper\"><div class=\"fusion-image-wrapper hover-type-none\"><a data-rel=\"iLightbox[gallery_image_1]\" href=\"http:\/\/www.glavatni-crncic.com\/wp-content\/uploads\/2017\/07\/glavatni-crncic-destinations-5-1024x683.jpg\" target=\"_self\"><img decoding=\"async\" src=\"http:\/\/www.glavatni-crncic.com\/wp-content\/uploads\/2017\/07\/glavatni-crncic-destinations-5-1024x683.jpg\" alt=\"\"\/><\/a><\/div><\/div><\/li><li class=\"fusion-carousel-item\"><div class=\"fusion-carousel-item-wrapper\"><div class=\"fusion-image-wrapper hover-type-none\"><a data-rel=\"iLightbox[gallery_image_1]\" href=\"http:\/\/www.glavatni-crncic.com\/wp-content\/uploads\/2017\/07\/glavatni-crncic-destinations-6-1024x683.jpg\" target=\"_self\"><img decoding=\"async\" src=\"http:\/\/www.glavatni-crncic.com\/wp-content\/uploads\/2017\/07\/glavatni-crncic-destinations-6-1024x683.jpg\" alt=\"\"\/><\/a><\/div><\/div><\/li><li class=\"fusion-carousel-item\"><div class=\"fusion-carousel-item-wrapper\"><div class=\"fusion-image-wrapper hover-type-none\"><a data-rel=\"iLightbox[gallery_image_1]\" href=\"http:\/\/www.glavatni-crncic.com\/wp-content\/uploads\/2017\/07\/glavatni-crncic-destinations-7-1024x683.jpg\" target=\"_self\"><img decoding=\"async\" src=\"http:\/\/www.glavatni-crncic.com\/wp-content\/uploads\/2017\/07\/glavatni-crncic-destinations-7-1024x683.jpg\" alt=\"\"\/><\/a><\/div><\/div><\/li><li class=\"fusion-carousel-item\"><div class=\"fusion-carousel-item-wrapper\"><div class=\"fusion-image-wrapper hover-type-none\"><a data-rel=\"iLightbox[gallery_image_1]\" href=\"http:\/\/www.glavatni-crncic.com\/wp-content\/uploads\/2017\/07\/glavatni-crncic-destinations-8-1024x683.jpg\" target=\"_self\"><img decoding=\"async\" src=\"http:\/\/www.glavatni-crncic.com\/wp-content\/uploads\/2017\/07\/glavatni-crncic-destinations-8-1024x683.jpg\" alt=\"\"\/><\/a><\/div><\/div><\/li><li class=\"fusion-carousel-item\"><div class=\"fusion-carousel-item-wrapper\"><div class=\"fusion-image-wrapper hover-type-none\"><a data-rel=\"iLightbox[gallery_image_1]\" href=\"http:\/\/www.glavatni-crncic.com\/wp-content\/uploads\/2017\/07\/glavatni-crncic-destinations-9-1024x683.jpg\" target=\"_self\"><img decoding=\"async\" src=\"http:\/\/www.glavatni-crncic.com\/wp-content\/uploads\/2017\/07\/glavatni-crncic-destinations-9-1024x683.jpg\" alt=\"\"\/><\/a><\/div><\/div><\/li><li class=\"fusion-carousel-item\"><div class=\"fusion-carousel-item-wrapper\"><div class=\"fusion-image-wrapper hover-type-none\"><a data-rel=\"iLightbox[gallery_image_1]\" href=\"http:\/\/www.glavatni-crncic.com\/wp-content\/uploads\/2017\/07\/glavatni-crncic-destinations-10-1024x683.jpg\" target=\"_self\"><img decoding=\"async\" src=\"http:\/\/www.glavatni-crncic.com\/wp-content\/uploads\/2017\/07\/glavatni-crncic-destinations-10-1024x683.jpg\" alt=\"\"\/><\/a><\/div><\/div><\/li><li class=\"fusion-carousel-item\"><div class=\"fusion-carousel-item-wrapper\"><div class=\"fusion-image-wrapper hover-type-none\"><a data-rel=\"iLightbox[gallery_image_1]\" href=\"http:\/\/www.glavatni-crncic.com\/wp-content\/uploads\/2017\/07\/glavatni-crncic-destinations-11-1024x683.jpg\" target=\"_self\"><img decoding=\"async\" src=\"http:\/\/www.glavatni-crncic.com\/wp-content\/uploads\/2017\/07\/glavatni-crncic-destinations-11-1024x683.jpg\" alt=\"\"\/><\/a><\/div><\/div><\/li><\/ul><div class=\"fusion-carousel-nav\"><span class=\"fusion-nav-prev\"><\/span><span class=\"fusion-nav-next\"><\/span><\/div><\/div><\/div><\/div><\/div><\/div><div class=\"fusion-clearfix\"><\/div>\n\n\t\t\t<\/div>\n\t\t<\/div><\/div><\/div><div  class=\"fusion-fullwidth fullwidth-box hundred-percent-fullwidth\"  style='background-color: #313539;background-position: left top;background-repeat: no-repeat;padding-top:55px;padding-right:5.4%;padding-bottom:0px;padding-left:5.4%;border-top-width:0px;border-bottom-width:0px;border-color:#eae9e9;border-top-style:solid;border-bottom-style:solid;'><div class=\"fusion-builder-row fusion-row \"><div  class=\"fusion-layout-column fusion_builder_column fusion_builder_column_1_4  fusion-one-fourth fusion-column-first fusion-column-no-min-height 1_4\"  style='margin-top:0px;margin-bottom:0px;width:22%; margin-right: 4%;'>\n\t\t\t<div class=\"fusion-column-wrapper\" style=\"background-position:left top;background-repeat:no-repeat;-webkit-background-size:cover;-moz-background-size:cover;-o-background-size:cover;background-size:cover;\"  data-bg-url=\"\">\n\t\t\t\t<h4>Vrbnik<\/h4>\n<p><strong>Vrbnik<\/strong>, ohne Zweifel einer der bekanntesten kroatischen Orte. Er dankt dies seinem glagolithischen Erbe und dem bekannten Volkslied &#8222;Vrbni\u010de nad morem&#8220; von eigenartiger Melodie und einem Inhalt, welcher in einer Reihe von Varianten interpretiert und arrangiert wurde.<\/p>\n<div class=\"fusion-clearfix\"><\/div>\n\n\t\t\t<\/div>\n\t\t<\/div><div  class=\"fusion-layout-column fusion_builder_column fusion_builder_column_1_4  fusion-one-fourth fusion-column-no-min-height 1_4\"  style='margin-top:0px;margin-bottom:0px;width:22%; margin-right: 4%;'>\n\t\t\t<div class=\"fusion-column-wrapper\" style=\"background-position:left top;background-repeat:no-repeat;-webkit-background-size:cover;-moz-background-size:cover;-o-background-size:cover;background-size:cover;\"  data-bg-url=\"\">\n\t\t\t\t<h4>Crikvenica<\/h4>\n<p>Wenn Sie das Meer und die Natur lieben, die Sonne und gepflegte Str\u00e4nde sch\u00e4tzen und sich f\u00fcr die lokale Geschichte und Tradition interessieren, dann finden Sie hier bei uns all das und noch vieles mehr! Die Riviera Crikvenica liegt an einem <strong>der malerischsten<\/strong> Abschnitte der Adriak\u00fcste.<\/p>\n<div class=\"fusion-clearfix\"><\/div>\n\n\t\t\t<\/div>\n\t\t<\/div><div  class=\"fusion-layout-column fusion_builder_column fusion_builder_column_1_4  fusion-one-fourth fusion-column-no-min-height 1_4\"  style='margin-top:0px;margin-bottom:0px;width:22%; margin-right: 4%;'>\n\t\t\t<div class=\"fusion-column-wrapper\" style=\"background-position:left top;background-repeat:no-repeat;-webkit-background-size:cover;-moz-background-size:cover;-o-background-size:cover;background-size:cover;\"  data-bg-url=\"\">\n\t\t\t\t<h4>Goli Insel<\/h4>\n<p>Die <span class=\"bold\">nackte Insel<\/span>, oder <span class=\"bold\">&#8222;Kroatischer Alcatraz&#8220;<\/span> wie sie gerne genannt wird, ist nach dem Zweiten Weltkrieg eines der bekanntesten und ber\u00fcchtigsten Gef\u00e4ngnisse Europas, es wurde im Jahre 1948 ge\u00f6ffnet und 1988 geschlossen.<\/p>\n<div class=\"fusion-clearfix\"><\/div>\n\n\t\t\t<\/div>\n\t\t<\/div><div  class=\"fusion-layout-column fusion_builder_column fusion_builder_column_1_4  fusion-one-fourth fusion-column-last fusion-column-no-min-height 1_4\"  style='margin-top:0px;margin-bottom:0px;width:22%'>\n\t\t\t<div class=\"fusion-column-wrapper\" style=\"background-position:left top;background-repeat:no-repeat;-webkit-background-size:cover;-moz-background-size:cover;-o-background-size:cover;background-size:cover;\"  data-bg-url=\"\">\n\t\t\t\t<h4>Bucht Soline<\/h4>\n<p>Die <strong>Bucht Soline<\/strong> hat vor einigen Jahren eine offizielle Best\u00e4tigung dar\u00fcber erhalten, dass der Schlamm vom Strand Meline eine heilsame Wirkung hat (Knochenschmerzen und Knochenerkrankungen lindert oder g\u00e4nzlich verschwinden l\u00e4sst). Deshalb wird die Bucht Soline von Jahr zu Jahr von immer mehr Touristen besucht.<\/p>\n<div class=\"fusion-clearfix\"><\/div>\n\n\t\t\t<\/div>\n\t\t<\/div><\/div><\/div><div  class=\"fusion-fullwidth fullwidth-box hundred-percent-fullwidth\"  style='background-color: #313539;background-position: left top;background-repeat: no-repeat;padding-top:55px;padding-right:5.4%;padding-bottom:0px;padding-left:5.4%;border-top-width:0px;border-bottom-width:0px;border-color:#eae9e9;border-top-style:solid;border-bottom-style:solid;'><div class=\"fusion-builder-row fusion-row \"><div  class=\"fusion-layout-column fusion_builder_column fusion_builder_column_1_1  fusion-one-full fusion-column-first fusion-column-last fusion-column-no-min-height 1_1\"  style='margin-top:0px;margin-bottom:0px;'>\n\t\t\t<div class=\"fusion-column-wrapper\" style=\"background-position:left top;background-repeat:no-repeat;-webkit-background-size:cover;-moz-background-size:cover;-o-background-size:cover;background-size:cover;\"  data-bg-url=\"\">\n\t\t\t\t<p><img loading=\"lazy\" decoding=\"async\" class=\"size-full wp-image-844 aligncenter\" src=\"http:\/\/www.glavatni-crncic.com\/wp-content\/uploads\/2015\/02\/glavatni-footer.png\" alt=\"Ausfl\u00fcge von Crikvenica auf die Insel Krk und Insel Goli\" width=\"300\" height=\"150\" srcset=\"http:\/\/www.glavatni-crncic.com\/wp-content\/uploads\/2015\/02\/glavatni-footer-200x100.png 200w, http:\/\/www.glavatni-crncic.com\/wp-content\/uploads\/2015\/02\/glavatni-footer.png 300w\" sizes=\"(max-width: 300px) 100vw, 300px\" \/><\/p>\n<div class=\"fusion-sep-clear\"><\/div><div class=\"fusion-separator fusion-full-width-sep sep-single sep-solid\" style=\"border-color:#45494e;border-top-width:1px;margin-left: auto;margin-right: auto;margin-top:50px;margin-bottom:40px;\"><\/div><div class=\"fusion-clearfix\"><\/div>\n\n\t\t\t<\/div>\n\t\t<\/div><\/div><\/div><\/p>\n","protected":false},"excerpt":{"rendered":"","protected":false},"author":1,"featured_media":0,"parent":0,"menu_order":0,"comment_status":"closed","ping_status":"closed","template":"100-width.php","meta":{"footnotes":""},"_links":{"self":[{"href":"http:\/\/www.glavatni-crncic.com\/de\/wp-json\/wp\/v2\/pages\/995"}],"collection":[{"href":"http:\/\/www.glavatni-crncic.com\/de\/wp-json\/wp\/v2\/pages"}],"about":[{"href":"http:\/\/www.glavatni-crncic.com\/de\/wp-json\/wp\/v2\/types\/page"}],"author":[{"embeddable":true,"href":"http:\/\/www.glavatni-crncic.com\/de\/wp-json\/wp\/v2\/users\/1"}],"replies":[{"embeddable":true,"href":"http:\/\/www.glavatni-crncic.com\/de\/wp-json\/wp\/v2\/comments?post=995"}],"version-history":[{"count":2,"href":"http:\/\/www.glavatni-crncic.com\/de\/wp-json\/wp\/v2\/pages\/995\/revisions"}],"predecessor-version":[{"id":1037,"href":"http:\/\/www.glavatni-crncic.com\/de\/wp-json\/wp\/v2\/pages\/995\/revisions\/1037"}],"wp:attachment":[{"href":"http:\/\/www.glavatni-crncic.com\/de\/wp-json\/wp\/v2\/media?parent=995"}],"curies":[{"name":"wp","href":"https:\/\/api.w.org\/{rel}","templated":true}]}}