{"id":1000,"date":"2015-02-02T19:39:07","date_gmt":"2015-02-02T18:39:07","guid":{"rendered":"http:\/\/www.glavatni-crncic.com\/about-us\/"},"modified":"2017-07-17T17:41:03","modified_gmt":"2017-07-17T16:41:03","slug":"o-nama","status":"publish","type":"page","link":"http:\/\/www.glavatni-crncic.com\/hr\/o-nama\/","title":{"rendered":"O nama"},"content":{"rendered":"<p><div  class=\"fusion-fullwidth fullwidth-box hundred-percent-fullwidth fusion-equal-height-columns\"  style='background-color: rgba(255,255,255,0);background-position: left top;background-repeat: no-repeat;padding-top:0px;padding-right:0px;padding-bottom:0px;padding-left:0px;border-top-width:0px;border-bottom-width:0px;border-color:#eae9e9;border-top-style:solid;border-bottom-style:solid;'><div class=\"fusion-builder-row fusion-row \"><div  class=\"fusion-layout-column fusion_builder_column fusion_builder_column_1_2  fusion-one-half fusion-column-first 1_2\"  style='margin-top:0px;margin-bottom:0px;'>\n\t\t\t<div class=\"fusion-column-wrapper\" style=\"background-image: url('http:\/\/www.glavatni-crncic.com\/wp-content\/uploads\/2015\/02\/5L8A0416-1024x683.jpg');background-position:center center;background-repeat:no-repeat;-webkit-background-size:cover;-moz-background-size:cover;-o-background-size:cover;background-size:cover;\"  data-bg-url=\"http:\/\/www.glavatni-crncic.com\/wp-content\/uploads\/2015\/02\/5L8A0416-1024x683.jpg\">\n\t\t\t\t<div class=\"fusion-clearfix\"><\/div>\n\n\t\t\t<\/div>\n\t\t<\/div><div  class=\"fusion-layout-column fusion_builder_column fusion_builder_column_1_2  fusion-one-half fusion-column-last 1_2\"  style='margin-top:0px;margin-bottom:0px;'>\n\t\t\t<div class=\"fusion-column-wrapper\" style=\"padding: 10%;background-position:left top;background-repeat:no-repeat;-webkit-background-size:cover;-moz-background-size:cover;-o-background-size:cover;background-size:cover;\"  data-bg-url=\"\">\n\t\t\t\t<div class=\"fusion-column-content-centered\"><div class=\"fusion-column-content\"><h3>O NAMA<\/h3>\n<h4>ODAVNO SE BROD SMATRA \u017dIVIM BI\u0106EM S DU\u0160OM I NJEZINIM HIROVIMA IZLO\u017dENOM RAZNIM VREMENSKIM PRILIKAMA, UPRAVLJANOG LJUDIMA NA SVOJIM PUTOVANJIMA.<\/h4>\n<div class=\"fusion-sep-clear\"><\/div><div class=\"fusion-separator sep-single sep-solid\" style=\"border-color:#f6e5d6;border-top-width:1px;margin-top:30px;margin-bottom:50px;width:100%;max-width:170px;\"><\/div><p>Odavno se brod smatra \u017eivim bi\u0107em s du\u0161om i njezinim hirovima izlo\u017eenom raznim vremenskim prilikama, upravljanog ljudima na svojim putovanjima.<\/p>\n<p><strong>Ovo je upravo jedna pri\u010da o jednom takvom brodu koja je zapo\u010dela prije 100 godina.<\/strong> Sje\u0107anja su jo\u0161 svje\u017ea, a mnogima je ostao u takvoj uspomeni. Poput legende. Danas nakon 100 godina putovanja kroz povijest, brod Glavatni do\u017eivljava svoju drugu mladost, obnovljen i promijenjene slu\u017ebe gdje usidren u uvali Soline prima goste i pru\u017ea im do\u017eivljaj dodira s neodoljivom legendom broda, ugodne vo\u017enje uz \u0161um mora i krik galebova. Uz nadu da \u0107emo ostati nezaboravan dio Va\u0161eg odmora.<\/p>\n<p>Posada broda<\/p>\n<p>Crn\u010di\u0107<\/p>\n<\/div><\/div><div class=\"fusion-clearfix\"><\/div>\n\n\t\t\t<\/div>\n\t\t<\/div><\/div><\/div><div  class=\"fusion-fullwidth fullwidth-box hundred-percent-fullwidth\"  style='background-color: rgba(255,255,255,0);background-position: center center;background-repeat: no-repeat;padding-top:0px;padding-right:0px;padding-bottom:0px;padding-left:0px;margin-bottom: 0px;margin-top: 0px;'><div class=\"fusion-builder-row fusion-row \"><div  class=\"fusion-layout-column fusion_builder_column fusion_builder_column_1_1  fusion-one-full fusion-column-first fusion-column-last 1_1\"  style='margin-top:0px;margin-bottom:0px;'>\n\t\t\t<div class=\"fusion-column-wrapper\" style=\"padding: 25px 0px 0px 0px;background-image: url('http:\/\/www.glavatni-crncic.com\/wp-content\/uploads\/2015\/02\/33.jpg');background-position:left top;background-repeat:repeat;\"  data-bg-url=\"http:\/\/www.glavatni-crncic.com\/wp-content\/uploads\/2015\/02\/33.jpg\">\n\t\t\t\t<div class=\"fusion-column-content-centered\"><div class=\"fusion-column-content\"><div class=\"fusion-image-carousel fusion-image-carousel-fixed lightbox-enabled\"><div class=\"fusion-carousel\" data-autoplay=\"no\" data-columns=\"6\" data-itemmargin=\"15\" data-itemwidth=\"180\" data-touchscroll=\"no\" data-imagesize=\"fixed\"><div class=\"fusion-carousel-positioner\"><ul class=\"fusion-carousel-holder\"><li class=\"fusion-carousel-item\"><div class=\"fusion-carousel-item-wrapper\"><div class=\"fusion-image-wrapper hover-type-none\"><a data-rel=\"iLightbox[gallery_image_1]\" href=\"http:\/\/www.glavatni-crncic.com\/wp-content\/uploads\/2017\/07\/glavatni-soline-20-1024x575.jpg\" target=\"_self\"><img decoding=\"async\" src=\"http:\/\/www.glavatni-crncic.com\/wp-content\/uploads\/2017\/07\/glavatni-soline-20-1024x575.jpg\" alt=\"\"\/><\/a><\/div><\/div><\/li><li class=\"fusion-carousel-item\"><div class=\"fusion-carousel-item-wrapper\"><div class=\"fusion-image-wrapper hover-type-none\"><a data-rel=\"iLightbox[gallery_image_1]\" href=\"http:\/\/www.glavatni-crncic.com\/wp-content\/uploads\/2017\/07\/glavatni-soline-19-1024x575.jpg\" target=\"_self\"><img decoding=\"async\" src=\"http:\/\/www.glavatni-crncic.com\/wp-content\/uploads\/2017\/07\/glavatni-soline-19-1024x575.jpg\" alt=\"\"\/><\/a><\/div><\/div><\/li><li class=\"fusion-carousel-item\"><div class=\"fusion-carousel-item-wrapper\"><div class=\"fusion-image-wrapper hover-type-none\"><a data-rel=\"iLightbox[gallery_image_1]\" href=\"http:\/\/www.glavatni-crncic.com\/wp-content\/uploads\/2017\/07\/glavatni-soline-18-1024x575.jpg\" target=\"_self\"><img decoding=\"async\" src=\"http:\/\/www.glavatni-crncic.com\/wp-content\/uploads\/2017\/07\/glavatni-soline-18-1024x575.jpg\" alt=\"\"\/><\/a><\/div><\/div><\/li><li class=\"fusion-carousel-item\"><div class=\"fusion-carousel-item-wrapper\"><div class=\"fusion-image-wrapper hover-type-none\"><a data-rel=\"iLightbox[gallery_image_1]\" href=\"http:\/\/www.glavatni-crncic.com\/wp-content\/uploads\/2017\/07\/glavatni-soline-17-1024x575.jpg\" target=\"_self\"><img decoding=\"async\" src=\"http:\/\/www.glavatni-crncic.com\/wp-content\/uploads\/2017\/07\/glavatni-soline-17-1024x575.jpg\" alt=\"\"\/><\/a><\/div><\/div><\/li><li class=\"fusion-carousel-item\"><div class=\"fusion-carousel-item-wrapper\"><div class=\"fusion-image-wrapper hover-type-none\"><a data-rel=\"iLightbox[gallery_image_1]\" href=\"http:\/\/www.glavatni-crncic.com\/wp-content\/uploads\/2017\/07\/glavatni-soline-16-1024x640.jpg\" target=\"_self\"><img decoding=\"async\" src=\"http:\/\/www.glavatni-crncic.com\/wp-content\/uploads\/2017\/07\/glavatni-soline-16-1024x640.jpg\" alt=\"\"\/><\/a><\/div><\/div><\/li><li class=\"fusion-carousel-item\"><div class=\"fusion-carousel-item-wrapper\"><div class=\"fusion-image-wrapper hover-type-none\"><a data-rel=\"iLightbox[gallery_image_1]\" href=\"http:\/\/www.glavatni-crncic.com\/wp-content\/uploads\/2017\/07\/glavatni-soline-15-1024x640.jpg\" target=\"_self\"><img decoding=\"async\" src=\"http:\/\/www.glavatni-crncic.com\/wp-content\/uploads\/2017\/07\/glavatni-soline-15-1024x640.jpg\" alt=\"\"\/><\/a><\/div><\/div><\/li><li class=\"fusion-carousel-item\"><div class=\"fusion-carousel-item-wrapper\"><div class=\"fusion-image-wrapper hover-type-none\"><a data-rel=\"iLightbox[gallery_image_1]\" href=\"http:\/\/www.glavatni-crncic.com\/wp-content\/uploads\/2017\/07\/glavatni-soline-14-1024x640.jpg\" target=\"_self\"><img decoding=\"async\" src=\"http:\/\/www.glavatni-crncic.com\/wp-content\/uploads\/2017\/07\/glavatni-soline-14-1024x640.jpg\" alt=\"\"\/><\/a><\/div><\/div><\/li><li class=\"fusion-carousel-item\"><div class=\"fusion-carousel-item-wrapper\"><div class=\"fusion-image-wrapper hover-type-none\"><a data-rel=\"iLightbox[gallery_image_1]\" href=\"http:\/\/www.glavatni-crncic.com\/wp-content\/uploads\/2017\/07\/glavatni-soline-13-1024x640.jpg\" target=\"_self\"><img decoding=\"async\" src=\"http:\/\/www.glavatni-crncic.com\/wp-content\/uploads\/2017\/07\/glavatni-soline-13-1024x640.jpg\" alt=\"\"\/><\/a><\/div><\/div><\/li><li class=\"fusion-carousel-item\"><div class=\"fusion-carousel-item-wrapper\"><div class=\"fusion-image-wrapper hover-type-none\"><a data-rel=\"iLightbox[gallery_image_1]\" href=\"http:\/\/www.glavatni-crncic.com\/wp-content\/uploads\/2017\/07\/glavatni-soline-12-1024x640.jpg\" target=\"_self\"><img decoding=\"async\" src=\"http:\/\/www.glavatni-crncic.com\/wp-content\/uploads\/2017\/07\/glavatni-soline-12-1024x640.jpg\" alt=\"\"\/><\/a><\/div><\/div><\/li><li class=\"fusion-carousel-item\"><div class=\"fusion-carousel-item-wrapper\"><div class=\"fusion-image-wrapper hover-type-none\"><a data-rel=\"iLightbox[gallery_image_1]\" href=\"http:\/\/www.glavatni-crncic.com\/wp-content\/uploads\/2017\/07\/glavatni-soline-11-1024x640.jpg\" target=\"_self\"><img decoding=\"async\" src=\"http:\/\/www.glavatni-crncic.com\/wp-content\/uploads\/2017\/07\/glavatni-soline-11-1024x640.jpg\" alt=\"\"\/><\/a><\/div><\/div><\/li><li class=\"fusion-carousel-item\"><div class=\"fusion-carousel-item-wrapper\"><div class=\"fusion-image-wrapper hover-type-none\"><a data-rel=\"iLightbox[gallery_image_1]\" href=\"http:\/\/www.glavatni-crncic.com\/wp-content\/uploads\/2017\/07\/glavatni-soline-10-1024x640.jpg\" target=\"_self\"><img decoding=\"async\" src=\"http:\/\/www.glavatni-crncic.com\/wp-content\/uploads\/2017\/07\/glavatni-soline-10-1024x640.jpg\" alt=\"\"\/><\/a><\/div><\/div><\/li><li class=\"fusion-carousel-item\"><div class=\"fusion-carousel-item-wrapper\"><div class=\"fusion-image-wrapper hover-type-none\"><a data-rel=\"iLightbox[gallery_image_1]\" href=\"http:\/\/www.glavatni-crncic.com\/wp-content\/uploads\/2017\/07\/glavatni-soline-9-1024x640.jpg\" target=\"_self\"><img decoding=\"async\" src=\"http:\/\/www.glavatni-crncic.com\/wp-content\/uploads\/2017\/07\/glavatni-soline-9-1024x640.jpg\" alt=\"\"\/><\/a><\/div><\/div><\/li><li class=\"fusion-carousel-item\"><div class=\"fusion-carousel-item-wrapper\"><div class=\"fusion-image-wrapper hover-type-none\"><a data-rel=\"iLightbox[gallery_image_1]\" href=\"http:\/\/www.glavatni-crncic.com\/wp-content\/uploads\/2017\/07\/glavatni-soline-8-1024x683.jpg\" target=\"_self\"><img decoding=\"async\" src=\"http:\/\/www.glavatni-crncic.com\/wp-content\/uploads\/2017\/07\/glavatni-soline-8-1024x683.jpg\" alt=\"\"\/><\/a><\/div><\/div><\/li><li class=\"fusion-carousel-item\"><div class=\"fusion-carousel-item-wrapper\"><div class=\"fusion-image-wrapper hover-type-none\"><a data-rel=\"iLightbox[gallery_image_1]\" href=\"http:\/\/www.glavatni-crncic.com\/wp-content\/uploads\/2017\/07\/glavatni-soline-7-1024x683.jpg\" target=\"_self\"><img decoding=\"async\" src=\"http:\/\/www.glavatni-crncic.com\/wp-content\/uploads\/2017\/07\/glavatni-soline-7-1024x683.jpg\" alt=\"\"\/><\/a><\/div><\/div><\/li><li class=\"fusion-carousel-item\"><div class=\"fusion-carousel-item-wrapper\"><div class=\"fusion-image-wrapper hover-type-none\"><a data-rel=\"iLightbox[gallery_image_1]\" href=\"http:\/\/www.glavatni-crncic.com\/wp-content\/uploads\/2017\/07\/glavatni-soline-6-1024x683.jpg\" target=\"_self\"><img decoding=\"async\" src=\"http:\/\/www.glavatni-crncic.com\/wp-content\/uploads\/2017\/07\/glavatni-soline-6-1024x683.jpg\" alt=\"\"\/><\/a><\/div><\/div><\/li><li class=\"fusion-carousel-item\"><div class=\"fusion-carousel-item-wrapper\"><div class=\"fusion-image-wrapper hover-type-none\"><a data-rel=\"iLightbox[gallery_image_1]\" href=\"http:\/\/www.glavatni-crncic.com\/wp-content\/uploads\/2017\/07\/glavatni-soline-2-1024x683.jpg\" target=\"_self\"><img decoding=\"async\" src=\"http:\/\/www.glavatni-crncic.com\/wp-content\/uploads\/2017\/07\/glavatni-soline-2-1024x683.jpg\" alt=\"\"\/><\/a><\/div><\/div><\/li><li class=\"fusion-carousel-item\"><div class=\"fusion-carousel-item-wrapper\"><div class=\"fusion-image-wrapper hover-type-none\"><a data-rel=\"iLightbox[gallery_image_1]\" href=\"http:\/\/www.glavatni-crncic.com\/wp-content\/uploads\/2017\/07\/glavatni-soline-1-1024x683.jpg\" target=\"_self\"><img decoding=\"async\" src=\"http:\/\/www.glavatni-crncic.com\/wp-content\/uploads\/2017\/07\/glavatni-soline-1-1024x683.jpg\" alt=\"\"\/><\/a><\/div><\/div><\/li><\/ul><div class=\"fusion-carousel-nav\"><span class=\"fusion-nav-prev\"><\/span><span class=\"fusion-nav-next\"><\/span><\/div><\/div><\/div><\/div><\/div><\/div><div class=\"fusion-clearfix\"><\/div>\n\n\t\t\t<\/div>\n\t\t<\/div><\/div><\/div><div  class=\"fusion-fullwidth fullwidth-box hundred-percent-fullwidth fusion-equal-height-columns\"  style='background-color: rgba(255,255,255,0);background-position: left top;background-repeat: no-repeat;padding-top:0px;padding-right:0px;padding-bottom:0px;padding-left:0px;margin-top: 0px;border-top-width:0px;border-bottom-width:0px;border-color:#eae9e9;border-top-style:solid;border-bottom-style:solid;'><div class=\"fusion-builder-row fusion-row \"><div  class=\"fusion-layout-column fusion_builder_column fusion_builder_column_1_2  fusion-one-half fusion-column-first 1_2\"  style='margin-top:0px;margin-bottom:0px;'>\n\t\t\t<div class=\"fusion-column-wrapper\" style=\"padding: 10%;background-position:left top;background-repeat:no-repeat;-webkit-background-size:cover;-moz-background-size:cover;-o-background-size:cover;background-size:cover;\"  data-bg-url=\"\">\n\t\t\t\t<div class=\"fusion-column-content-centered\"><div class=\"fusion-column-content\"><h3>UVOD<\/h3>\n<h4><strong>PROVEDITE UGODNE TRENUTKE VA\u0160EG ODMORA S NAMA<br \/>\n<\/strong><\/h4>\n<div class=\"fusion-sep-clear\"><\/div><div class=\"fusion-separator sep-single sep-solid\" style=\"border-color:#f6e5d6;border-top-width:1px;margin-top:30px;margin-bottom:50px;width:100%;max-width:170px;\"><\/div><p>Mi smo obiteljski obrt, koji se bavi turizmom. \u010cast nam je predstaviti Vam atraktivan drveni brod \u201eGlavatni\u201c, uz \u017eelje da provedete ugodne trenutke Va\u0161eg odmora s nama u prekrasnom kvarnerskom akvatoriju. Na ovoj stranici doznat \u0107ete sve o nama.<\/p>\n<h3>INFORMACIJE O BRODU<\/h3>\n<p><strong>Loger:<\/strong> m\/b Glavatni<br \/>\n<strong>Du\u017eina:<\/strong> 19 m<br \/>\n<strong>\u0160irina:<\/strong> 4.95 m<br \/>\n<strong>Brzina:<\/strong> 7 \u010dvorova<br \/>\n<strong>Kapacitet:<\/strong> 50 osoba, TV, WC, platforma za sun\u010danje<\/p>\n<\/div><\/div><div class=\"fusion-clearfix\"><\/div>\n\n\t\t\t<\/div>\n\t\t<\/div><div  class=\"fusion-layout-column fusion_builder_column fusion_builder_column_1_2  fusion-one-half fusion-column-last 1_2\"  style='margin-top:0px;margin-bottom:0px;'>\n\t\t\t<div class=\"fusion-column-wrapper\" style=\"background-image: url('http:\/\/www.glavatni-crncic.com\/wp-content\/uploads\/2015\/02\/DJI_0053-1-1024x575.jpg');background-position:center center;background-repeat:no-repeat;-webkit-background-size:cover;-moz-background-size:cover;-o-background-size:cover;background-size:cover;\"  data-bg-url=\"http:\/\/www.glavatni-crncic.com\/wp-content\/uploads\/2015\/02\/DJI_0053-1-1024x575.jpg\">\n\t\t\t\t<div class=\"fusion-clearfix\"><\/div>\n\n\t\t\t<\/div>\n\t\t<\/div><\/div><\/div><div  class=\"fusion-fullwidth fullwidth-box nonhundred-percent-fullwidth\"  style='background-color: #60a9ba;background-position: center center;background-repeat: no-repeat;padding-top:55px;padding-right:5%;padding-bottom:55px;padding-left:5%;border-top-width:0px;border-bottom-width:0px;border-color:#eae9e9;border-top-style:solid;border-bottom-style:solid;'><div class=\"fusion-builder-row fusion-row \"><div  class=\"fusion-layout-column fusion_builder_column fusion_builder_column_1_1  fusion-one-full fusion-column-first fusion-column-last fusion-column-no-min-height 1_1\"  style='margin-top:0px;margin-bottom:0px;'>\n\t\t\t<div class=\"fusion-column-wrapper\" style=\"background-position:left top;background-repeat:no-repeat;-webkit-background-size:cover;-moz-background-size:cover;-o-background-size:cover;background-size:cover;\"  data-bg-url=\"\">\n\t\t\t\t<h2 style=\"text-align: center;\">BOOKING<\/h2>\n<div class=\"fusion-sep-clear\"><\/div><div class=\"fusion-separator sep-single sep-solid hrshort\" style=\"border-color:#f6e5d6;border-top-width:1px;margin-left: auto;margin-right: auto;margin-top:0px;margin-bottom:20px;width:100%;max-width:170px;\"><\/div><div class=\"fusion-clearfix\"><\/div>\n\n\t\t\t<\/div>\n\t\t<\/div><div  class=\"fusion-layout-column fusion_builder_column fusion_builder_column_1_1  fusion-one-full fusion-column-first fusion-column-last fusion-column-no-min-height 1_1\"  style='margin-top:0px;margin-bottom:0px;'>\n\t\t\t<div class=\"fusion-column-wrapper\" style=\"background-position:left top;background-repeat:no-repeat;-webkit-background-size:cover;-moz-background-size:cover;-o-background-size:cover;background-size:cover;\"  data-bg-url=\"\">\n\t\t\t\t<p style=\"text-align: center;\"><span style=\"font-family: 'Titillium Web', Arial, Helvetica, sans-serif !important; font-size: 20px; line-height: 25px; color: #fff;\">Rezervirajte svoj izlet u Crikvenici (luka), putem e-maila ili telefona.<\/span><\/p>\n<p style=\"text-align: center;\"><span style=\"font-family: 'Titillium Web', Arial, Helvetica, sans-serif !important; font-size: 18px; line-height: 20px; color: #fff;\">GSM: +385\/91\/595-5343, +385\/91\/1853-048, E-Mail: <a href=\"mailto:glavatni.crncic@gmail.com\">glavatni.crncic@gmail.com<\/a><\/span><\/p>\n<div class=\"fusion-clearfix\"><\/div>\n\n\t\t\t<\/div>\n\t\t<\/div><\/div><\/div><div  class=\"fusion-fullwidth fullwidth-box hundred-percent-fullwidth\"  style='background-color: #313539;background-position: left top;background-repeat: no-repeat;padding-top:55px;padding-right:5.4%;padding-bottom:0px;padding-left:5.4%;border-top-width:0px;border-bottom-width:0px;border-color:#eae9e9;border-top-style:solid;border-bottom-style:solid;'><div class=\"fusion-builder-row fusion-row \"><div  class=\"fusion-layout-column fusion_builder_column fusion_builder_column_1_1  fusion-one-full fusion-column-first fusion-column-last fusion-column-no-min-height 1_1\"  style='margin-top:0px;margin-bottom:0px;'>\n\t\t\t<div class=\"fusion-column-wrapper\" style=\"background-position:left top;background-repeat:no-repeat;-webkit-background-size:cover;-moz-background-size:cover;-o-background-size:cover;background-size:cover;\"  data-bg-url=\"\">\n\t\t\t\t<p><img loading=\"lazy\" decoding=\"async\" class=\"aligncenter wp-image-844 size-full\" title=\"Izleti brodom Glavatni - Crikvenica - otok Krk\" src=\"http:\/\/www.glavatni-crncic.com\/wp-content\/uploads\/2015\/02\/glavatni-footer.png\" alt=\"Izleti brodom Glavatni - Crikvenica - otok Krk\" width=\"300\" height=\"150\" srcset=\"http:\/\/www.glavatni-crncic.com\/wp-content\/uploads\/2015\/02\/glavatni-footer-200x100.png 200w, http:\/\/www.glavatni-crncic.com\/wp-content\/uploads\/2015\/02\/glavatni-footer.png 300w\" sizes=\"(max-width: 300px) 100vw, 300px\" \/><\/p>\n<div class=\"fusion-sep-clear\"><\/div><div class=\"fusion-separator fusion-full-width-sep sep-single sep-solid\" style=\"border-color:#45494e;border-top-width:1px;margin-left: auto;margin-right: auto;margin-top:50px;margin-bottom:40px;\"><\/div><div class=\"fusion-clearfix\"><\/div>\n\n\t\t\t<\/div>\n\t\t<\/div><\/div><\/div><\/p>\n","protected":false},"excerpt":{"rendered":"","protected":false},"author":1,"featured_media":0,"parent":0,"menu_order":0,"comment_status":"closed","ping_status":"open","template":"100-width.php","meta":{"footnotes":""},"_links":{"self":[{"href":"http:\/\/www.glavatni-crncic.com\/hr\/wp-json\/wp\/v2\/pages\/1000"}],"collection":[{"href":"http:\/\/www.glavatni-crncic.com\/hr\/wp-json\/wp\/v2\/pages"}],"about":[{"href":"http:\/\/www.glavatni-crncic.com\/hr\/wp-json\/wp\/v2\/types\/page"}],"author":[{"embeddable":true,"href":"http:\/\/www.glavatni-crncic.com\/hr\/wp-json\/wp\/v2\/users\/1"}],"replies":[{"embeddable":true,"href":"http:\/\/www.glavatni-crncic.com\/hr\/wp-json\/wp\/v2\/comments?post=1000"}],"version-history":[{"count":4,"href":"http:\/\/www.glavatni-crncic.com\/hr\/wp-json\/wp\/v2\/pages\/1000\/revisions"}],"predecessor-version":[{"id":1031,"href":"http:\/\/www.glavatni-crncic.com\/hr\/wp-json\/wp\/v2\/pages\/1000\/revisions\/1031"}],"wp:attachment":[{"href":"http:\/\/www.glavatni-crncic.com\/hr\/wp-json\/wp\/v2\/media?parent=1000"}],"curies":[{"name":"wp","href":"https:\/\/api.w.org\/{rel}","templated":true}]}}